{"id":611,"date":"2018-08-30T12:42:42","date_gmt":"2018-08-30T12:42:42","guid":{"rendered":"https:\/\/www.autoeducationacademy.com\/?page_id=611"},"modified":"2022-09-02T08:00:05","modified_gmt":"2022-09-02T08:00:05","slug":"membership","status":"publish","type":"page","link":"https:\/\/www.lkqacademy.hu\/en\/membership\/","title":{"rendered":"Cz\u0142onkostwwo LKQ ACADEMY"},"content":{"rendered":"<p style=\"text-align: center;\"><span style=\"font-size: 36pt;\"><strong>Cz\u0142onkostwooo LKQ ACADEMY<\/strong><\/span><span style=\"font-size: 36pt;\"><strong>\u00a0<\/strong><\/span><\/p>\r\n\r\n<div class=\"wp-block-group\">\r\n<div class=\"wp-block-group__inner-container is-layout-flow wp-block-group-is-layout-flow\">\r\n<figure class=\"wp-block-gallery aligncenter columns-3\">\r\n<ul class=\"blocks-gallery-grid\">\r\n<li class=\"blocks-gallery-item\">\r\n<figure><a href=\"https:\/\/lkqacademy.hu\/membership\/gold_icon\/\"><img loading=\"lazy\" decoding=\"async\" width=\"324\" height=\"256\" class=\"wp-image-2143\" src=\"https:\/\/lkqacademy.hu\/wp-content\/uploads\/2021\/03\/Gold_icon.jpg\" alt=\"\" data-id=\"2143\" data-full-url=\"https:\/\/lkqacademy.hu\/wp-content\/uploads\/2021\/03\/Gold_icon.jpg\" data-link=\"https:\/\/lkqacademy.hu\/membership\/gold_icon\/\" srcset=\"https:\/\/www.lkqacademy.hu\/wp-content\/uploads\/2021\/03\/Gold_icon.jpg 324w, https:\/\/www.lkqacademy.hu\/wp-content\/uploads\/2021\/03\/Gold_icon-300x237.jpg 300w\" sizes=\"auto, (max-width: 324px) 100vw, 324px\" \/><\/a><\/figure>\r\n<\/li>\r\n<li class=\"blocks-gallery-item\">\r\n<figure><a href=\"https:\/\/lkqacademy.hu\/membership\/silver_icon\/\"><img loading=\"lazy\" decoding=\"async\" width=\"333\" height=\"267\" class=\"wp-image-2144\" src=\"https:\/\/lkqacademy.hu\/wp-content\/uploads\/2021\/03\/Silver_Icon.jpg\" alt=\"\" data-id=\"2144\" data-full-url=\"https:\/\/lkqacademy.hu\/wp-content\/uploads\/2021\/03\/Silver_Icon.jpg\" data-link=\"https:\/\/lkqacademy.hu\/membership\/silver_icon\/\" srcset=\"https:\/\/www.lkqacademy.hu\/wp-content\/uploads\/2021\/03\/Silver_Icon.jpg 333w, https:\/\/www.lkqacademy.hu\/wp-content\/uploads\/2021\/03\/Silver_Icon-300x241.jpg 300w\" sizes=\"auto, (max-width: 333px) 100vw, 333px\" \/><\/a><\/figure>\r\n<\/li>\r\n<li class=\"blocks-gallery-item\">\r\n<figure><a href=\"https:\/\/lkqacademy.hu\/membership\/bronze_icon\/\"><img loading=\"lazy\" decoding=\"async\" width=\"333\" height=\"263\" class=\"wp-image-2142\" src=\"https:\/\/lkqacademy.hu\/wp-content\/uploads\/2021\/03\/Bronze_icon.jpg\" alt=\"\" data-id=\"2142\" data-full-url=\"https:\/\/lkqacademy.hu\/wp-content\/uploads\/2021\/03\/Bronze_icon.jpg\" data-link=\"https:\/\/lkqacademy.hu\/membership\/bronze_icon\/\" srcset=\"https:\/\/www.lkqacademy.hu\/wp-content\/uploads\/2021\/03\/Bronze_icon.jpg 333w, https:\/\/www.lkqacademy.hu\/wp-content\/uploads\/2021\/03\/Bronze_icon-300x237.jpg 300w\" sizes=\"auto, (max-width: 333px) 100vw, 333px\" \/><\/a><\/figure>\r\n<\/li>\r\n<li class=\"blocks-gallery-item\">\r\n<figure><a href=\"https:\/\/pl.skilloverview.com\/Serwis\/membership\/subscribe\/eyJ1c2VySWQiOiIxMjEzNSIsImVudGl0eUlkIjoiNjk5MSIsImVudGl0eVR5cGVJZCI6IjEiLCJyb2xlSWQiOiIyOSIsInN1YnNjcmliaW5nQWRtaW5Vc2VySWQiOiIxMjEzNSJ9\"><img loading=\"lazy\" decoding=\"async\" class=\"alignnone wp-image-2219 size-medium\" src=\"https:\/\/lkqacademy.hu\/wp-content\/uploads\/2021\/03\/przycisk-zarejestruj-300x64.jpg\" alt=\"\" width=\"300\" height=\"64\" data-id=\"2151\" data-full-url=\"https:\/\/lkqacademy.hu\/wp-content\/uploads\/2021\/03\/2021-03-24-12_48_32-LKQ-Academy.png\" data-link=\"https:\/\/lkqacademy.hu\/membership\/2021-03-24-12_48_32-lkq-academy\/\" srcset=\"https:\/\/www.lkqacademy.hu\/wp-content\/uploads\/2021\/03\/przycisk-zarejestruj-300x64.jpg 300w, https:\/\/www.lkqacademy.hu\/wp-content\/uploads\/2021\/03\/przycisk-zarejestruj.jpg 386w\" sizes=\"auto, (max-width: 300px) 100vw, 300px\" \/><\/a><\/figure>\r\n<\/li>\r\n<\/ul>\r\n<\/figure>\r\n\r\n\r\n\r\n<p style=\"text-align: center;\"><span style=\"font-size: 48pt; color: #333333;\"><img loading=\"lazy\" decoding=\"async\" class=\"alignnone wp-image-22778 size-full\" src=\"https:\/\/lkqacademy.hu\/wp-content\/uploads\/2022\/08\/new-logo.png\" alt=\"LKQ Academy logo\" width=\"257\" height=\"99\" \/><\/span><span style=\"color: #000000;\">\u00a0<\/span><\/p>\r\n<\/div>\r\n<\/div>\r\n\r\n\r\n\r\n<div class=\"wp-block-group\">\r\n<div class=\"wp-block-group__inner-container is-layout-flow wp-block-group-is-layout-flow\">\r\n<div class=\"wp-block-group\">\r\n<div class=\"wp-block-group__inner-container is-layout-flow wp-block-group-is-layout-flow\">\r\n<div class=\"wp-block-group\">\r\n<div class=\"wp-block-group__inner-container is-layout-flow wp-block-group-is-layout-flow\">\r\n<h4 style=\"text-align: center;\">dajemy Ci mo\u017cliwo\u015b\u0107 wyboru interesuj\u0105cych Ci\u0119 pakiet\u00f3w szkoleniowych.<\/h4>\r\n<p>&nbsp;<\/p>\r\n<p style=\"text-align: left;\">Przygotowali\u015bmy dla Ciebie pakiety:<\/p>\r\n<p style=\"text-align: left;\">z\u0142oty,<\/p>\r\n<p style=\"text-align: left;\">srebrny,<\/p>\r\n<p style=\"text-align: left;\">br\u0105zowy.<\/p>\r\n<p style=\"text-align: left;\"><strong>Ka\u017cdy z nich posiada wybrane e-szkolenia, kt\u00f3re w pakiecie zakupisz taniej, dodatkowo czasowy dost\u0119p do infolinii technicznej<\/strong><\/p>\r\n<\/div>\r\n<\/div>\r\n<\/div>\r\n<\/div>\r\n<\/div>\r\n<\/div>\r\n\r\n\r\n","protected":false},"excerpt":{"rendered":"<p>Cz\u0142onkostwooo LKQ ACADEMY\u00a0 \u00a0 dajemy Ci mo\u017cliwo\u015b\u0107 wyboru interesuj\u0105cych Ci\u0119 pakiet\u00f3w szkoleniowych. &nbsp; Przygotowali\u015bmy dla Ciebie pakiety: z\u0142oty, srebrny, br\u0105zowy&#8230;.<\/p>\n","protected":false},"author":5,"featured_media":0,"parent":0,"menu_order":0,"comment_status":"closed","ping_status":"closed","template":"fullwidth.php","meta":{"_acf_changed":false,"footnotes":""},"class_list":["post-611","page","type-page","status-publish","hentry"],"translation":{"provider":"WPGlobus","version":"3.0.2","language":"en","enabled_languages":["hu","en","de"],"languages":{"hu":{"title":true,"content":true,"excerpt":false},"en":{"title":true,"content":true,"excerpt":false},"de":{"title":true,"content":true,"excerpt":false}}},"acf":[],"_links":{"self":[{"href":"https:\/\/www.lkqacademy.hu\/en\/wp-json\/wp\/v2\/pages\/611","targetHints":{"allow":["GET"]}}],"collection":[{"href":"https:\/\/www.lkqacademy.hu\/en\/wp-json\/wp\/v2\/pages"}],"about":[{"href":"https:\/\/www.lkqacademy.hu\/en\/wp-json\/wp\/v2\/types\/page"}],"author":[{"embeddable":true,"href":"https:\/\/www.lkqacademy.hu\/en\/wp-json\/wp\/v2\/users\/5"}],"replies":[{"embeddable":true,"href":"https:\/\/www.lkqacademy.hu\/en\/wp-json\/wp\/v2\/comments?post=611"}],"version-history":[{"count":0,"href":"https:\/\/www.lkqacademy.hu\/en\/wp-json\/wp\/v2\/pages\/611\/revisions"}],"wp:attachment":[{"href":"https:\/\/www.lkqacademy.hu\/en\/wp-json\/wp\/v2\/media?parent=611"}],"curies":[{"name":"wp","href":"https:\/\/api.w.org\/{rel}","templated":true}]}}